{"id":858,"date":"2024-06-11T11:51:14","date_gmt":"2024-06-11T11:51:14","guid":{"rendered":"https:\/\/fincassalou.mussaracom.eu\/?page_id=858"},"modified":"2024-06-11T14:01:34","modified_gmt":"2024-06-11T14:01:34","slug":"inicio","status":"publish","type":"page","link":"https:\/\/fincassalou.mussaracom.eu\/","title":{"rendered":"Inicio"},"content":{"rendered":"<p>[et_pb_section fb_built=\u00bb1&#8243; custom_padding_last_edited=\u00bboff|desktop\u00bb _builder_version=\u00bb4.25.0&#8243; _module_preset=\u00bbdefault\u00bb background_image=\u00bbhttps:\/\/fincassalou.mussaracom.eu\/wp-content\/uploads\/2024\/06\/foto-fondo-fincas-salou.jpg\u00bb background_enable_video_mp4=\u00bboff\u00bb custom_margin=\u00bb0px||0px||true|false\u00bb custom_margin_tablet=\u00bb0px||0px||true|false\u00bb custom_margin_phone=\u00bb0px|0px|0px|0px|true|true\u00bb custom_margin_last_edited=\u00bbon|phone\u00bb custom_padding=\u00bb0px||0px||true|false\u00bb custom_padding_tablet=\u00bb0px||0px||true|false\u00bb custom_padding_phone=\u00bb0px|0px|0px|0px|true|true\u00bb hover_enabled=\u00bb0&#8243; global_colors_info=\u00bb{}\u00bb sticky_enabled=\u00bb0&#8243;][et_pb_row custom_padding_last_edited=\u00bboff|phone\u00bb _builder_version=\u00bb4.25.0&#8243; _module_preset=\u00bbdefault\u00bb background_color=\u00bbrgba(0,0,0,0.7)\u00bb width=\u00bb100%\u00bb max_width=\u00bb2560px\u00bb custom_margin=\u00bb0px||0px||true|false\u00bb custom_padding=\u00bb15vw||15vw||true|false\u00bb custom_padding_tablet=\u00bb15vw||0vw||false|false\u00bb custom_padding_phone=\u00bb15vw|0%|0vw|0%|false|true\u00bb hover_enabled=\u00bb0&#8243; global_colors_info=\u00bb{}\u00bb sticky_enabled=\u00bb0&#8243;][et_pb_column type=\u00bb4_4&#8243; _builder_version=\u00bb4.21.0&#8243; _module_preset=\u00bbdefault\u00bb global_colors_info=\u00bb{}\u00bb][et_pb_text _builder_version=\u00bb4.25.0&#8243; _module_preset=\u00bbdefault\u00bb text_font=\u00bb|300|||||||\u00bb text_text_color=\u00bb#FFFFFF\u00bb text_font_size=\u00bb20px\u00bb text_line_height=\u00bb1.3em\u00bb header_font=\u00bb|700|||||||\u00bb header_text_align=\u00bbleft\u00bb header_text_color=\u00bb#FFFFFF\u00bb header_letter_spacing=\u00bb3px\u00bb header_2_font=\u00bb|700|||||||\u00bb header_2_text_align=\u00bbcenter\u00bb header_2_text_color=\u00bb#FFFFFF\u00bb header_2_font_size=\u00bb40px\u00bb header_2_line_height=\u00bb1.1em\u00bb text_orientation=\u00bbcenter\u00bb width=\u00bb80%\u00bb module_alignment=\u00bbcenter\u00bb custom_margin=\u00bb||||false|true\u00bb custom_margin_tablet=\u00bb||||false|true\u00bb custom_margin_phone=\u00bb||||false|true\u00bb custom_margin_last_edited=\u00bboff|phone\u00bb custom_padding=\u00bb|10%||10%|false|true\u00bb animation_style=\u00bbslide\u00bb animation_direction=\u00bbtop\u00bb hover_enabled=\u00bb0&#8243; text_font_size_tablet=\u00bb20px\u00bb text_font_size_phone=\u00bb17px\u00bb text_font_size_last_edited=\u00bbon|phone\u00bb header_font_size_tablet=\u00bb35px\u00bb header_font_size_phone=\u00bb22px\u00bb header_font_size_last_edited=\u00bbon|phone\u00bb header_2_font_size_tablet=\u00bb40px\u00bb header_2_font_size_phone=\u00bb23px\u00bb header_2_font_size_last_edited=\u00bbon|phone\u00bb global_colors_info=\u00bb{}\u00bb sticky_enabled=\u00bb0&#8243;]<\/p>\n<h1>TE ASESORAMOS EN LA B\u00daSQUEDA DE TU VIVIENDA O LOCAL COMERCIAL<\/h1>\n<p style=\"text-align: left;\">No pierdas el tiempo buscando por inmobiliarias y visitando interminables inmuebles. Nosotros lo hacemos por ti.<\/p>\n<p>[\/et_pb_text][\/et_pb_column][\/et_pb_row][\/et_pb_section][et_pb_section fb_built=\u00bb1&#8243; _builder_version=\u00bb4.21.0&#8243; _module_preset=\u00bbdefault\u00bb background_color=\u00bb#f2f2f2&#8243; custom_margin=\u00bb0px||0px||true|false\u00bb custom_padding=\u00bb100px||100px||true|false\u00bb global_colors_info=\u00bb{}\u00bb][et_pb_row column_structure=\u00bb1_2,1_2&#8243; _builder_version=\u00bb4.25.0&#8243; _module_preset=\u00bbdefault\u00bb custom_margin=\u00bb0px||0px||true|false\u00bb custom_padding=\u00bb0px||0px||true|false\u00bb global_colors_info=\u00bb{}\u00bb][et_pb_column type=\u00bb1_2&#8243; _builder_version=\u00bb4.21.0&#8243; _module_preset=\u00bbdefault\u00bb global_colors_info=\u00bb{}\u00bb][et_pb_text _builder_version=\u00bb4.25.0&#8243; _module_preset=\u00bbdefault\u00bb header_2_font=\u00bb|700|||||||\u00bb header_2_text_color=\u00bbgcid-primary-color\u00bb custom_margin=\u00bb||20px||false|false\u00bb animation_style=\u00bbfade\u00bb header_2_font_size_last_edited=\u00bbon|desktop\u00bb header_2_font_size_phone=\u00bb30px\u00bb sticky_enabled=\u00bb0&#8243; header_2_font_size_tablet=\u00bb35px\u00bb header_2_font_size=\u00bb40px\u00bb global_colors_info=\u00bb{%22gcid-primary-color%22:%91%22header_2_text_color%22,%22header_2_text_color%22,%22header_2_text_color%22%93}\u00bb header_2_text_align=\u00bbcenter\u00bb]<\/p>\n<h2>Descubra su Hogar Ideal con la Experiencia de Fincas Salou: Su Asesor Inmobiliario de Confianza en Salou<\/h2>\n<p>[\/et_pb_text][et_pb_text _builder_version=\u00bb4.25.0&#8243; _module_preset=\u00bbdefault\u00bb header_2_text_color=\u00bb#4eaca9&#8243; animation_style=\u00bbfade\u00bb global_colors_info=\u00bb{}\u00bb]<\/p>\n<p>Bienvenido a Fincas Salou, su asesor inmobiliario de confianza en la b\u00fasqueda del hogar perfecto en la encantadora ciudad de Salou. Con m\u00e1s de dos d\u00e9cadas de experiencia en el mercado inmobiliario local, nos dedicamos a ofrecer un servicio personalizado y profesional para aquellos con un alto poder adquisitivo que buscan propiedades exclusivas y con encanto.<\/p>\n<p>En Fincas Salou, <strong>entendemos que la b\u00fasqueda de una propiedad va m\u00e1s all\u00e1 de encontrar un simple espacio f\u00edsico; se trata de descubrir el lugar donde se construir\u00e1n recuerdos invaluables y se realizar\u00e1n sue\u00f1os duraderos.<\/strong> Por ello, nos comprometemos a brindarle un asesoramiento completo y personalizado en cada paso del proceso.<\/p>\n<p>Adem\u00e1s, al formar parte de una empresa que tambi\u00e9n ofrece servicios legales, nuestro equipo cuenta con un respaldo s\u00f3lido en t\u00e9rminos de asesoramiento legal, <strong>garantizando que cada transacci\u00f3n se realice de manera segura y sin contratiempos.<\/strong><\/p>\n<p>Perm\u00edtanos ser su gu\u00eda en este emocionante viaje de encontrar su pr\u00f3ximo hogar en Salou. Cont\u00e1ctenos hoy mismo y d\u00e9jenos hacer realidad sus sue\u00f1os de propiedad.<\/p>\n<p>[\/et_pb_text][\/et_pb_column][et_pb_column type=\u00bb1_2&#8243; _builder_version=\u00bb4.21.0&#8243; _module_preset=\u00bbdefault\u00bb global_colors_info=\u00bb{}\u00bb][et_pb_image src=\u00bbhttps:\/\/fincassalou.mussaracom.eu\/wp-content\/uploads\/2024\/06\/salou-1.jpg\u00bb alt=\u00bbpersonal shopper inmobiliario\u00bb title_text=\u00bbsalou 1&#8243; _builder_version=\u00bb4.25.0&#8243; _module_preset=\u00bbdefault\u00bb animation_style=\u00bbfade\u00bb border_radii=\u00bbon|7px|7px|7px|7px\u00bb box_shadow_style=\u00bbpreset3&#8243; global_colors_info=\u00bb{}\u00bb][\/et_pb_image][\/et_pb_column][\/et_pb_row][\/et_pb_section][et_pb_section fb_built=\u00bb1&#8243; _builder_version=\u00bb4.21.0&#8243; _module_preset=\u00bbdefault\u00bb background_color=\u00bb#FFFFFF\u00bb custom_margin=\u00bb0px||0px||true|false\u00bb custom_padding=\u00bb100px||100px||true|false\u00bb global_colors_info=\u00bb{}\u00bb][et_pb_row _builder_version=\u00bb4.25.0&#8243; _module_preset=\u00bbdefault\u00bb custom_margin=\u00bb0px|auto|25px|auto|false|false\u00bb custom_padding=\u00bb10px||10px||true|false\u00bb global_colors_info=\u00bb{}\u00bb][et_pb_column type=\u00bb4_4&#8243; _builder_version=\u00bb4.21.0&#8243; _module_preset=\u00bbdefault\u00bb global_colors_info=\u00bb{}\u00bb][et_pb_text _builder_version=\u00bb4.25.0&#8243; _module_preset=\u00bbdefault\u00bb header_2_font=\u00bb|700|||||||\u00bb header_2_text_color=\u00bbgcid-primary-color\u00bb custom_margin=\u00bb||20px||false|false\u00bb animation_style=\u00bbfade\u00bb header_2_font_size=\u00bb40px\u00bb header_2_font_size_tablet=\u00bb35px\u00bb header_2_font_size_phone=\u00bb30px\u00bb header_2_font_size_last_edited=\u00bbon|desktop\u00bb global_colors_info=\u00bb{%22gcid-primary-color%22:%91%22header_2_text_color%22,%22header_2_text_color%22,%22header_2_text_color%22,%22header_2_text_color%22%93}\u00bb header_2_text_align=\u00bbcenter\u00bb]<\/p>\n<h2>Qu\u00e9 ventajas tiene buscar tu inmueble o local con Fincas Salou<\/h2>\n<p>[\/et_pb_text][\/et_pb_column][\/et_pb_row][et_pb_row column_structure=\u00bb1_3,1_3,1_3&#8243; _builder_version=\u00bb4.25.0&#8243; _module_preset=\u00bbdefault\u00bb max_width=\u00bb2560px\u00bb module_alignment=\u00bbcenter\u00bb custom_margin=\u00bb||||true|false\u00bb custom_padding=\u00bb0px||0px||true|false\u00bb global_colors_info=\u00bb{}\u00bb][et_pb_column type=\u00bb1_3&#8243; _builder_version=\u00bb4.21.0&#8243; _module_preset=\u00bbdefault\u00bb global_colors_info=\u00bb{}\u00bb][et_pb_blurb title=\u00bbExperiencia y Conocimiento del Mercado\u00bb image=\u00bbhttps:\/\/fincassalou.mussaracom.eu\/wp-content\/uploads\/2024\/06\/experiencia.jpg\u00bb alt=\u00bbpersonal shopper inmobiliario costa dorada para particulares\u00bb image_icon_width_tablet=\u00bb50%\u00bb image_icon_width_phone=\u00bb100%\u00bb image_icon_width_last_edited=\u00bbon|phone\u00bb _builder_version=\u00bb4.25.0&#8243; _dynamic_attributes=\u00bblink_option_url\u00bb _module_preset=\u00bbdefault\u00bb header_level=\u00bbh3&#8243; header_font=\u00bb|600|||||||\u00bb header_text_align=\u00bbcenter\u00bb header_text_color=\u00bbgcid-primary-color\u00bb header_font_size=\u00bb24px\u00bb link_option_url=\u00bb@ET-DC@eyJkeW5hbWljIjp0cnVlLCJjb250ZW50IjoicG9zdF9saW5rX3VybF9wYWdlIiwic2V0dGluZ3MiOnsicG9zdF9pZCI6IjEyMyJ9fQ==@\u00bb border_radii_image=\u00bbon|7px|7px|7px|7px\u00bb border_color_all_image=\u00bbgcid-7d789697-0db0-4e87-bfe5-078a28f08381&#8243; box_shadow_style_image=\u00bbpreset3&#8243; global_colors_info=\u00bb{%22gcid-7d789697-0db0-4e87-bfe5-078a28f08381%22:%91%22border_color_all_image%22%93,%22gcid-primary-color%22:%91%22header_text_color%22%93}\u00bb]<\/p>\n<p>En Fincas Salou, contamos con una amplia experiencia y un profundo conocimiento del mercado inmobiliario en Salou y sus alrededores. Esto nos permite proporcionarte informaci\u00f3n valiosa sobre las tendencias del mercado, los precios de las propiedades y las \u00e1reas m\u00e1s deseadas para vivir o invertir.<\/p>\n<p>[\/et_pb_blurb][\/et_pb_column][et_pb_column type=\u00bb1_3&#8243; _builder_version=\u00bb4.21.0&#8243; _module_preset=\u00bbdefault\u00bb global_colors_info=\u00bb{}\u00bb][et_pb_blurb title=\u00bbAhorro de Tiempo y Esfuerzo\u00bb image=\u00bbhttps:\/\/fincassalou.mussaracom.eu\/wp-content\/uploads\/2024\/06\/ahorro.jpg\u00bb alt=\u00bbpersonal shopper inmobiliario costa dorada para particulares\u00bb image_icon_width_tablet=\u00bb50%\u00bb image_icon_width_phone=\u00bb100%\u00bb image_icon_width_last_edited=\u00bbon|phone\u00bb _builder_version=\u00bb4.25.0&#8243; _dynamic_attributes=\u00bblink_option_url\u00bb _module_preset=\u00bbdefault\u00bb header_level=\u00bbh3&#8243; header_font=\u00bb|600|||||||\u00bb header_text_align=\u00bbcenter\u00bb header_text_color=\u00bbgcid-primary-color\u00bb header_font_size=\u00bb24px\u00bb link_option_url=\u00bb@ET-DC@eyJkeW5hbWljIjp0cnVlLCJjb250ZW50IjoicG9zdF9saW5rX3VybF9wYWdlIiwic2V0dGluZ3MiOnsicG9zdF9pZCI6IjEyMyJ9fQ==@\u00bb border_radii_image=\u00bbon|7px|7px|7px|7px\u00bb border_color_all_image=\u00bbgcid-7d789697-0db0-4e87-bfe5-078a28f08381&#8243; box_shadow_style_image=\u00bbpreset3&#8243; global_colors_info=\u00bb{%22gcid-7d789697-0db0-4e87-bfe5-078a28f08381%22:%91%22border_color_all_image%22%93,%22gcid-primary-color%22:%91%22header_text_color%22%93}\u00bb]<\/p>\n<p>Nosotros nos encargamos de realizar la b\u00fasqueda exhaustiva de propiedades que se ajusten a tus necesidades y preferencias. Esto te ahorra tiempo y esfuerzo, ya que nos encargamos de filtrar las opciones, programar visitas y negociar con los vendedores en tu nombre.<\/p>\n<p>[\/et_pb_blurb][\/et_pb_column][et_pb_column type=\u00bb1_3&#8243; _builder_version=\u00bb4.21.0&#8243; _module_preset=\u00bbdefault\u00bb global_colors_info=\u00bb{}\u00bb][et_pb_blurb title=\u00bbAsesoramiento Profesional y Legal\u00bb image=\u00bbhttps:\/\/fincassalou.mussaracom.eu\/wp-content\/uploads\/2024\/06\/asesoramiento.jpg\u00bb alt=\u00bbpersonal shopper inmobiliario costa dorada para particulares\u00bb image_icon_width_tablet=\u00bb50%\u00bb image_icon_width_phone=\u00bb100%\u00bb image_icon_width_last_edited=\u00bbon|phone\u00bb _builder_version=\u00bb4.25.0&#8243; _dynamic_attributes=\u00bblink_option_url\u00bb _module_preset=\u00bbdefault\u00bb header_level=\u00bbh3&#8243; header_font=\u00bb|600|||||||\u00bb header_text_align=\u00bbcenter\u00bb header_text_color=\u00bbgcid-primary-color\u00bb header_font_size=\u00bb24px\u00bb link_option_url=\u00bb@ET-DC@eyJkeW5hbWljIjp0cnVlLCJjb250ZW50IjoicG9zdF9saW5rX3VybF9wYWdlIiwic2V0dGluZ3MiOnsicG9zdF9pZCI6IjEyMyJ9fQ==@\u00bb border_radii_image=\u00bbon|7px|7px|7px|7px\u00bb border_color_all_image=\u00bbgcid-7d789697-0db0-4e87-bfe5-078a28f08381&#8243; box_shadow_style_image=\u00bbpreset3&#8243; global_colors_info=\u00bb{%22gcid-7d789697-0db0-4e87-bfe5-078a28f08381%22:%91%22border_color_all_image%22%93,%22gcid-primary-color%22:%91%22header_text_color%22%93}\u00bb]<\/p>\n<p>En Fincas Salou, te brindamos un asesoramiento profesional en cada etapa del proceso de compra o venta de una propiedad. Desde la evaluaci\u00f3n de la propiedad hasta la negociaci\u00f3n de precios y la redacci\u00f3n de contratos, nos aseguramos de que todas las transacciones se realicen de manera adecuada y legal, protegiendo as\u00ed tus intereses.<\/p>\n<p>[\/et_pb_blurb][\/et_pb_column][\/et_pb_row][\/et_pb_section][et_pb_section fb_built=\u00bb1&#8243; _builder_version=\u00bb4.25.0&#8243; _module_preset=\u00bbdefault\u00bb background_color=\u00bb#FFFFFF\u00bb background_image=\u00bbhttps:\/\/fincassalou.mussaracom.eu\/wp-content\/uploads\/2024\/06\/15269.jpg\u00bb parallax=\u00bbon\u00bb custom_margin=\u00bb0px||0px||true|false\u00bb custom_padding=\u00bb15vw||15vw||true|false\u00bb hover_enabled=\u00bb0&#8243; global_colors_info=\u00bb{}\u00bb custom_padding_last_edited=\u00bbon|phone\u00bb custom_padding_phone=\u00bb40vw||40vw||true|false\u00bb sticky_enabled=\u00bb0&#8243; custom_padding_tablet=\u00bb15vw||15vw||true|false\u00bb][et_pb_row _builder_version=\u00bb4.21.0&#8243; _module_preset=\u00bbdefault\u00bb custom_margin=\u00bb0px||25px||false|false\u00bb custom_padding=\u00bb0px||0px||true|false\u00bb global_colors_info=\u00bb{}\u00bb][et_pb_column type=\u00bb4_4&#8243; _builder_version=\u00bb4.21.0&#8243; _module_preset=\u00bbdefault\u00bb global_colors_info=\u00bb{}\u00bb][et_pb_text _builder_version=\u00bb4.25.0&#8243; _module_preset=\u00bbdefault\u00bb header_2_font=\u00bb|700|||||||\u00bb header_2_text_align=\u00bbcenter\u00bb header_2_text_color=\u00bb#FFFFFF\u00bb header_2_font_size=\u00bb50px\u00bb hover_enabled=\u00bb0&#8243; header_2_text_shadow_style=\u00bbpreset3&#8243; global_colors_info=\u00bb{}\u00bb header_2_text_shadow_color=\u00bb#000000&#8243; sticky_enabled=\u00bb0&#8243;]<\/p>\n<h2>Expertos en Salou<\/h2>\n<p>[\/et_pb_text][\/et_pb_column][\/et_pb_row][\/et_pb_section][et_pb_section fb_built=\u00bb1&#8243; _builder_version=\u00bb4.21.0&#8243; _module_preset=\u00bbdefault\u00bb background_color=\u00bb#FFFFFF\u00bb custom_margin=\u00bb0px||0px||true|false\u00bb custom_padding=\u00bb100px||100px||true|false\u00bb global_colors_info=\u00bb{}\u00bb][et_pb_row _builder_version=\u00bb4.21.0&#8243; _module_preset=\u00bbdefault\u00bb custom_margin=\u00bb0px||25px||false|false\u00bb custom_padding=\u00bb0px||0px||true|false\u00bb global_colors_info=\u00bb{}\u00bb][et_pb_column type=\u00bb4_4&#8243; _builder_version=\u00bb4.21.0&#8243; _module_preset=\u00bbdefault\u00bb global_colors_info=\u00bb{}\u00bb][et_pb_text _builder_version=\u00bb4.25.0&#8243; _module_preset=\u00bbdefault\u00bb header_2_font=\u00bb|700|||||||\u00bb header_2_text_color=\u00bbgcid-primary-color\u00bb custom_margin=\u00bb||20px||false|false\u00bb animation_style=\u00bbfade\u00bb global_colors_info=\u00bb{%22gcid-primary-color%22:%91%22header_2_text_color%22,%22header_2_text_color%22%93}\u00bb header_2_font_size=\u00bb40px\u00bb header_2_font_size_tablet=\u00bb35px\u00bb header_2_font_size_phone=\u00bb30px\u00bb header_2_font_size_last_edited=\u00bbon|desktop\u00bb header_text_align_last_edited=\u00bbon|phone\u00bb header_text_align_phone=\u00bb\u00bb header_2_text_align=\u00bbcenter\u00bb hover_enabled=\u00bb0&#8243; sticky_enabled=\u00bb0&#8243;]<\/p>\n<h2>M\u00c9TODO DE TRABAJO<\/h2>\n<p>[\/et_pb_text][\/et_pb_column][\/et_pb_row][et_pb_row column_structure=\u00bb1_4,1_4,1_4,1_4&#8243; _builder_version=\u00bb4.25.0&#8243; _module_preset=\u00bbdefault\u00bb global_colors_info=\u00bb{}\u00bb][et_pb_column type=\u00bb1_4&#8243; _builder_version=\u00bb4.25.0&#8243; _module_preset=\u00bbdefault\u00bb global_colors_info=\u00bb{}\u00bb][et_pb_blurb title=\u00bbAn\u00e1lisis Personalizado de Necesidades\u00bb use_icon=\u00bbon\u00bb font_icon=\u00bb&#xf0ae;||fa||900&#8243; icon_color=\u00bbgcid-heading-color\u00bb image_icon_width_tablet=\u00bb50%\u00bb image_icon_width_phone=\u00bb100%\u00bb image_icon_width_last_edited=\u00bbon|phone\u00bb _builder_version=\u00bb4.25.0&#8243; _dynamic_attributes=\u00bblink_option_url\u00bb _module_preset=\u00bbdefault\u00bb header_level=\u00bbh3&#8243; header_font=\u00bb|600|||||||\u00bb header_text_align=\u00bbcenter\u00bb header_text_color=\u00bbgcid-primary-color\u00bb header_font_size=\u00bb24px\u00bb body_text_align=\u00bbcenter\u00bb link_option_url=\u00bb@ET-DC@eyJkeW5hbWljIjp0cnVlLCJjb250ZW50IjoicG9zdF9saW5rX3VybF9wYWdlIiwic2V0dGluZ3MiOnsicG9zdF9pZCI6IjEyMyJ9fQ==@\u00bb border_radii_image=\u00bbon|7px|7px|7px|7px\u00bb border_color_all_image=\u00bbgcid-7d789697-0db0-4e87-bfe5-078a28f08381&#8243; global_colors_info=\u00bb{%22gcid-7d789697-0db0-4e87-bfe5-078a28f08381%22:%91%22border_color_all_image%22%93,%22gcid-primary-color%22:%91%22header_text_color%22%93,%22gcid-heading-color%22:%91%22icon_color%22%93}\u00bb]<\/p>\n<p>Conocemos tus necesidades \u00fanicas para encontrar la propiedad perfecta.<\/p>\n<p>[\/et_pb_blurb][\/et_pb_column][et_pb_column type=\u00bb1_4&#8243; _builder_version=\u00bb4.25.0&#8243; _module_preset=\u00bbdefault\u00bb global_colors_info=\u00bb{}\u00bb][et_pb_blurb title=\u00bbB\u00fasqueda Exhaustiva de Propiedades\u00bb use_icon=\u00bbon\u00bb font_icon=\u00bb&#xf002;||fa||900&#8243; icon_color=\u00bbgcid-heading-color\u00bb image_icon_width_tablet=\u00bb50%\u00bb image_icon_width_phone=\u00bb100%\u00bb image_icon_width_last_edited=\u00bbon|phone\u00bb _builder_version=\u00bb4.25.0&#8243; _dynamic_attributes=\u00bblink_option_url\u00bb _module_preset=\u00bbdefault\u00bb header_level=\u00bbh3&#8243; header_font=\u00bb|600|||||||\u00bb header_text_align=\u00bbcenter\u00bb header_text_color=\u00bbgcid-primary-color\u00bb header_font_size=\u00bb24px\u00bb body_text_align=\u00bbcenter\u00bb link_option_url=\u00bb@ET-DC@eyJkeW5hbWljIjp0cnVlLCJjb250ZW50IjoicG9zdF9saW5rX3VybF9wYWdlIiwic2V0dGluZ3MiOnsicG9zdF9pZCI6IjEyMyJ9fQ==@\u00bb border_radii_image=\u00bbon|7px|7px|7px|7px\u00bb border_color_all_image=\u00bbgcid-7d789697-0db0-4e87-bfe5-078a28f08381&#8243; global_colors_info=\u00bb{%22gcid-7d789697-0db0-4e87-bfe5-078a28f08381%22:%91%22border_color_all_image%22%93,%22gcid-primary-color%22:%91%22header_text_color%22%93,%22gcid-heading-color%22:%91%22icon_color%22%93}\u00bb]<\/p>\n<p>Buscamos exhaustivamente propiedades que se ajusten a tus criterios.<\/p>\n<p>[\/et_pb_blurb][\/et_pb_column][et_pb_column type=\u00bb1_4&#8243; _builder_version=\u00bb4.25.0&#8243; _module_preset=\u00bbdefault\u00bb global_colors_info=\u00bb{}\u00bb][et_pb_blurb title=\u00bbVisitas y Evaluaciones Detalladas\u00bb use_icon=\u00bbon\u00bb font_icon=\u00bb&#xf06e;||fa||900&#8243; icon_color=\u00bbgcid-heading-color\u00bb image_icon_width_tablet=\u00bb50%\u00bb image_icon_width_phone=\u00bb100%\u00bb image_icon_width_last_edited=\u00bbon|phone\u00bb _builder_version=\u00bb4.25.0&#8243; _dynamic_attributes=\u00bblink_option_url\u00bb _module_preset=\u00bbdefault\u00bb header_level=\u00bbh3&#8243; header_font=\u00bb|600|||||||\u00bb header_text_align=\u00bbcenter\u00bb header_text_color=\u00bbgcid-primary-color\u00bb header_font_size=\u00bb24px\u00bb body_text_align=\u00bbcenter\u00bb link_option_url=\u00bb@ET-DC@eyJkeW5hbWljIjp0cnVlLCJjb250ZW50IjoicG9zdF9saW5rX3VybF9wYWdlIiwic2V0dGluZ3MiOnsicG9zdF9pZCI6IjEyMyJ9fQ==@\u00bb border_radii_image=\u00bbon|7px|7px|7px|7px\u00bb border_color_all_image=\u00bbgcid-7d789697-0db0-4e87-bfe5-078a28f08381&#8243; global_colors_info=\u00bb{%22gcid-7d789697-0db0-4e87-bfe5-078a28f08381%22:%91%22border_color_all_image%22%93,%22gcid-primary-color%22:%91%22header_text_color%22%93,%22gcid-heading-color%22:%91%22icon_color%22%93}\u00bb]<\/p>\n<p>Organizamos visitas detalladas para que tomes decisiones informadas.<\/p>\n<p>[\/et_pb_blurb][\/et_pb_column][et_pb_column type=\u00bb1_4&#8243; _builder_version=\u00bb4.25.0&#8243; _module_preset=\u00bbdefault\u00bb global_colors_info=\u00bb{}\u00bb][et_pb_blurb title=\u00bbNegociaci\u00f3n Profesional\u00bb use_icon=\u00bbon\u00bb font_icon=\u00bb&#xf4c4;||fa||900&#8243; icon_color=\u00bbgcid-heading-color\u00bb image_icon_width_tablet=\u00bb50%\u00bb image_icon_width_phone=\u00bb100%\u00bb image_icon_width_last_edited=\u00bbon|phone\u00bb _builder_version=\u00bb4.25.0&#8243; _dynamic_attributes=\u00bblink_option_url\u00bb _module_preset=\u00bbdefault\u00bb header_level=\u00bbh3&#8243; header_font=\u00bb|600|||||||\u00bb header_text_align=\u00bbcenter\u00bb header_text_color=\u00bbgcid-primary-color\u00bb header_font_size=\u00bb24px\u00bb body_text_align=\u00bbcenter\u00bb link_option_url=\u00bb@ET-DC@eyJkeW5hbWljIjp0cnVlLCJjb250ZW50IjoicG9zdF9saW5rX3VybF9wYWdlIiwic2V0dGluZ3MiOnsicG9zdF9pZCI6IjEyMyJ9fQ==@\u00bb border_radii_image=\u00bbon|7px|7px|7px|7px\u00bb border_color_all_image=\u00bbgcid-7d789697-0db0-4e87-bfe5-078a28f08381&#8243; global_colors_info=\u00bb{%22gcid-7d789697-0db0-4e87-bfe5-078a28f08381%22:%91%22border_color_all_image%22%93,%22gcid-primary-color%22:%91%22header_text_color%22%93,%22gcid-heading-color%22:%91%22icon_color%22%93}\u00bb]<\/p>\n<p>Negociamos en tu nombre para obtener las mejores condiciones.<\/p>\n<p>[\/et_pb_blurb][\/et_pb_column][\/et_pb_row][\/et_pb_section]<\/p>\n","protected":false},"excerpt":{"rendered":"<p>TE ASESORAMOS EN LA B\u00daSQUEDA DE TU VIVIENDA O LOCAL COMERCIAL No pierdas el tiempo buscando por inmobiliarias y visitando interminables inmuebles. Nosotros lo hacemos por ti.Descubra su Hogar Ideal con la Experiencia de Fincas Salou: Su Asesor Inmobiliario de Confianza en SalouBienvenido a Fincas Salou, su asesor inmobiliario de confianza en la b\u00fasqueda del [&hellip;]<\/p>\n","protected":false},"author":1,"featured_media":0,"parent":0,"menu_order":0,"comment_status":"closed","ping_status":"closed","template":"","meta":{"_et_pb_use_builder":"on","_et_pb_old_content":"","_et_gb_content_width":"","footnotes":""},"class_list":["post-858","page","type-page","status-publish","hentry"],"_links":{"self":[{"href":"https:\/\/fincassalou.mussaracom.eu\/index.php?rest_route=\/wp\/v2\/pages\/858","targetHints":{"allow":["GET"]}}],"collection":[{"href":"https:\/\/fincassalou.mussaracom.eu\/index.php?rest_route=\/wp\/v2\/pages"}],"about":[{"href":"https:\/\/fincassalou.mussaracom.eu\/index.php?rest_route=\/wp\/v2\/types\/page"}],"author":[{"embeddable":true,"href":"https:\/\/fincassalou.mussaracom.eu\/index.php?rest_route=\/wp\/v2\/users\/1"}],"replies":[{"embeddable":true,"href":"https:\/\/fincassalou.mussaracom.eu\/index.php?rest_route=%2Fwp%2Fv2%2Fcomments&post=858"}],"version-history":[{"count":9,"href":"https:\/\/fincassalou.mussaracom.eu\/index.php?rest_route=\/wp\/v2\/pages\/858\/revisions"}],"predecessor-version":[{"id":889,"href":"https:\/\/fincassalou.mussaracom.eu\/index.php?rest_route=\/wp\/v2\/pages\/858\/revisions\/889"}],"wp:attachment":[{"href":"https:\/\/fincassalou.mussaracom.eu\/index.php?rest_route=%2Fwp%2Fv2%2Fmedia&parent=858"}],"curies":[{"name":"wp","href":"https:\/\/api.w.org\/{rel}","templated":true}]}}